{"id":48,"date":"2019-10-19T17:29:32","date_gmt":"2019-10-19T15:29:32","guid":{"rendered":"https:\/\/new.montek.cz\/?page_id=48"},"modified":"2024-02-19T16:12:28","modified_gmt":"2024-02-19T15:12:28","slug":"vjezdove-brany","status":"publish","type":"page","link":"https:\/\/www.montek.cz\/index.php\/vjezdove-brany\/","title":{"rendered":"Vjezdov\u00e9 br\u00e1ny"},"content":{"rendered":"<p>Vjezdov\u00e9 br\u00e1ny nab\u00edz\u00edme ve dvou z\u00e1kladn\u00edch variant\u00e1ch. Bu\u010f v ocelov\u00e9m proveden\u00ed vyr\u00e1b\u011bn\u00e9 p\u0159\u00edmo na zak\u00e1zku pomoc\u00ed extern\u00ed z\u00e1me\u010dnick\u00e9 v\u00fdroby, nebo ve standardn\u00edch rozm\u011brech v hlin\u00edkov\u00e9m proveden\u00ed vyroben\u00e9 firmou&nbsp; <span style=\"font-size: 1rem;\">F&amp;L plazma s.r.o. V\u0161echny br\u00e1ny osazujeme <\/span><strong style=\"font-size: 1rem;\"><span style=\"color: #3366ff;\"><a style=\"color: #3366ff;\" href=\"https:\/\/www.hormann.cz\/novostavby-a-rekonstrukce\/pohony\/pohony-vjezdovych-bran\/\" target=\"_blank\" rel=\"noopener noreferrer\">pohony H\u00f6rmann<\/a><\/span><\/strong><span style=\"font-size: 1rem;\">.<\/span><\/p>\n<h4>Hlin\u00edkov\u00e9 br\u00e1ny<\/h4>\n<p><a href=\"https:\/\/www.flbrany.cz\/\"><img loading=\"lazy\" decoding=\"async\" class=\"aligncenter size-large wp-image-203\" src=\"https:\/\/www.montek.cz\/wp-content\/uploads\/2019\/10\/IMG_1030-1-1024x540.jpg\" alt=\"\" width=\"525\" height=\"277\"><\/a><\/p>\n<p>&nbsp;<\/p>\n<p>Ocelov\u00e9 br\u00e1ny &#8211; fotogalerie vybran\u00fdch zak\u00e1zek &#8211; <em>(p\u0159ipravuje se)<\/em><\/p>\n<p><img loading=\"lazy\" decoding=\"async\" class=\"alignnone wp-image-49\" src=\"https:\/\/new.montek.cz\/wp-content\/uploads\/2019\/10\/20180201_135157.jpg\" alt=\"\" width=\"498\" height=\"280\" srcset=\"https:\/\/www.montek.cz\/wp-content\/uploads\/2019\/10\/20180201_135157.jpg 2016w, https:\/\/www.montek.cz\/wp-content\/uploads\/2019\/10\/20180201_135157-300x169.jpg 300w, https:\/\/www.montek.cz\/wp-content\/uploads\/2019\/10\/20180201_135157-768x432.jpg 768w, https:\/\/www.montek.cz\/wp-content\/uploads\/2019\/10\/20180201_135157-1024x576.jpg 1024w\" sizes=\"auto, (max-width: 498px) 100vw, 498px\" \/><\/p>\n","protected":false},"excerpt":{"rendered":"<p>Vjezdov\u00e9 br\u00e1ny nab\u00edz\u00edme ve dvou z\u00e1kladn\u00edch variant\u00e1ch. Bu\u010f v ocelov\u00e9m proveden\u00ed vyr\u00e1b\u011bn\u00e9 p\u0159\u00edmo na zak\u00e1zku pomoc\u00ed extern\u00ed z\u00e1me\u010dnick\u00e9 v\u00fdroby, nebo ve standardn\u00edch rozm\u011brech v hlin\u00edkov\u00e9m proveden\u00ed vyroben\u00e9 firmou&nbsp; F&amp;L plazma s.r.o. V\u0161echny br\u00e1ny osazujeme pohony H\u00f6rmann. Hlin\u00edkov\u00e9 br\u00e1ny &nbsp; Ocelov\u00e9 br\u00e1ny &#8211; fotogalerie vybran\u00fdch zak\u00e1zek &#8211; (p\u0159ipravuje se)<\/p>\n","protected":false},"author":1,"featured_media":0,"parent":0,"menu_order":0,"comment_status":"closed","ping_status":"closed","template":"","meta":{"_monsterinsights_skip_tracking":false,"_monsterinsights_sitenote_active":false,"_monsterinsights_sitenote_note":"","_monsterinsights_sitenote_category":0,"ngg_post_thumbnail":0,"footnotes":""},"class_list":["post-48","page","type-page","status-publish","hentry"],"_links":{"self":[{"href":"https:\/\/www.montek.cz\/index.php\/wp-json\/wp\/v2\/pages\/48","targetHints":{"allow":["GET"]}}],"collection":[{"href":"https:\/\/www.montek.cz\/index.php\/wp-json\/wp\/v2\/pages"}],"about":[{"href":"https:\/\/www.montek.cz\/index.php\/wp-json\/wp\/v2\/types\/page"}],"author":[{"embeddable":true,"href":"https:\/\/www.montek.cz\/index.php\/wp-json\/wp\/v2\/users\/1"}],"replies":[{"embeddable":true,"href":"https:\/\/www.montek.cz\/index.php\/wp-json\/wp\/v2\/comments?post=48"}],"version-history":[{"count":9,"href":"https:\/\/www.montek.cz\/index.php\/wp-json\/wp\/v2\/pages\/48\/revisions"}],"predecessor-version":[{"id":225,"href":"https:\/\/www.montek.cz\/index.php\/wp-json\/wp\/v2\/pages\/48\/revisions\/225"}],"wp:attachment":[{"href":"https:\/\/www.montek.cz\/index.php\/wp-json\/wp\/v2\/media?parent=48"}],"curies":[{"name":"wp","href":"https:\/\/api.w.org\/{rel}","templated":true}]}}