{"id":63,"date":"2019-10-20T08:51:45","date_gmt":"2019-10-20T06:51:45","guid":{"rendered":"https:\/\/new.montek.cz\/?page_id=63"},"modified":"2019-10-24T19:29:36","modified_gmt":"2019-10-24T17:29:36","slug":"o-nas","status":"publish","type":"page","link":"https:\/\/www.montek.cz\/index.php\/o-nas\/","title":{"rendered":"O n\u00e1s"},"content":{"rendered":"<p style=\"text-align: left;\">Spole\u010dnost byla zalo\u017eena v roce 1997 jako mont\u00e1\u017en\u00ed firma dve\u0159n\u00edch a <span style=\"font-size: 1rem;\">vratov\u00fdch syst\u00e9m\u016f s vlastn\u00ed z\u00e1me\u010dnickou v\u00fdrobou. V\u00fdroba se zam\u011b\u0159ovala p\u0159edev\u0161\u00edm na konstrukce bran, oplocen\u00ed a z\u00e1bradl\u00ed.&nbsp; Od roku 2005 je autorizovan\u00fdm prodejcem zna\u010dky H\u00f6rmann. V posledn\u00edch letech kv\u016fli nedostatku kvalitn\u00edch pracovn\u00edk\u016f jsme byli nuceni ukon\u010dit z\u00e1me\u010dnickou v\u00fdrobu a nad\u00e1le se v\u011bnujeme pouze prodeji a instalac\u00edm produkt\u016f zna\u010dky H\u00f6rmann. Vjezdov\u00e9 br\u00e1ny a branky v\u010detn\u011b oplocen\u00ed dod\u00e1v\u00e1me nad\u00e1le s pou\u017eit\u00edm extern\u00edch v\u00fdrobc\u016f bu\u010f v ocelov\u00e9m nebo hlin\u00edkov\u00e9m proveden\u00ed. Br\u00e1ny samoz\u0159ejm\u011b osazujeme pohonem zna\u010dky H\u00f6rmann.<\/span><\/p>\n<p>&nbsp;<br \/>\n<a href=\"https:\/\/www.montek.cz\/wp-content\/uploads\/2019\/10\/logo.jpg\"><img loading=\"lazy\" decoding=\"async\" src=\"https:\/\/www.montek.cz\/wp-content\/uploads\/2019\/10\/logo-300x47.jpg\" alt=\"\" width=\"300\" height=\"47\" class=\"aligncenter size-medium wp-image-14\" srcset=\"https:\/\/www.montek.cz\/wp-content\/uploads\/2019\/10\/logo-300x47.jpg 300w, https:\/\/www.montek.cz\/wp-content\/uploads\/2019\/10\/logo-768x120.jpg 768w, https:\/\/www.montek.cz\/wp-content\/uploads\/2019\/10\/logo-1024x160.jpg 1024w, https:\/\/www.montek.cz\/wp-content\/uploads\/2019\/10\/logo.jpg 1254w\" sizes=\"auto, (max-width: 300px) 100vw, 300px\" \/><\/a><\/p>\n<p style=\"text-align: left;\"><span style=\"font-size: 1rem;\"> <a href=\"https:\/\/www.montek.cz\/wp-content\/uploads\/2019\/10\/Osved\u010den\u00ed_Montek.jpg\"><img loading=\"lazy\" decoding=\"async\" class=\"aligncenter size-medium wp-image-197\" src=\"https:\/\/www.montek.cz\/wp-content\/uploads\/2019\/10\/Osved\u010den\u00ed_Montek-213x300.jpg\" alt=\"\" width=\"213\" height=\"300\" srcset=\"https:\/\/www.montek.cz\/wp-content\/uploads\/2019\/10\/Osved\u010den\u00ed_Montek-213x300.jpg 213w, https:\/\/www.montek.cz\/wp-content\/uploads\/2019\/10\/Osved\u010den\u00ed_Montek-768x1083.jpg 768w, https:\/\/www.montek.cz\/wp-content\/uploads\/2019\/10\/Osved\u010den\u00ed_Montek-726x1024.jpg 726w, https:\/\/www.montek.cz\/wp-content\/uploads\/2019\/10\/Osved\u010den\u00ed_Montek.jpg 1361w\" sizes=\"auto, (max-width: 213px) 100vw, 213px\" \/><\/a><\/span><\/p>\n<p>&nbsp;<\/p>\n<p>&nbsp;<\/p>\n","protected":false},"excerpt":{"rendered":"<p>Spole\u010dnost byla zalo\u017eena v roce 1997 jako mont\u00e1\u017en\u00ed firma dve\u0159n\u00edch a vratov\u00fdch syst\u00e9m\u016f s vlastn\u00ed z\u00e1me\u010dnickou v\u00fdrobou. V\u00fdroba se zam\u011b\u0159ovala p\u0159edev\u0161\u00edm na konstrukce bran, oplocen\u00ed a z\u00e1bradl\u00ed.&nbsp; Od roku 2005 je autorizovan\u00fdm prodejcem zna\u010dky H\u00f6rmann. V posledn\u00edch letech kv\u016fli nedostatku kvalitn\u00edch pracovn\u00edk\u016f jsme byli nuceni ukon\u010dit z\u00e1me\u010dnickou v\u00fdrobu a nad\u00e1le se v\u011bnujeme pouze prodeji a &hellip; <\/p>\n<p class=\"link-more\"><a href=\"https:\/\/www.montek.cz\/index.php\/o-nas\/\" class=\"more-link\">Pokra\u010dovat ve \u010dten\u00ed<span class=\"screen-reader-text\"> &#8222;O n\u00e1s&#8220;<\/span><\/a><\/p>\n","protected":false},"author":1,"featured_media":0,"parent":0,"menu_order":0,"comment_status":"closed","ping_status":"closed","template":"","meta":{"_monsterinsights_skip_tracking":false,"_monsterinsights_sitenote_active":false,"_monsterinsights_sitenote_note":"","_monsterinsights_sitenote_category":0,"ngg_post_thumbnail":0,"footnotes":""},"class_list":["post-63","page","type-page","status-publish","hentry"],"_links":{"self":[{"href":"https:\/\/www.montek.cz\/index.php\/wp-json\/wp\/v2\/pages\/63","targetHints":{"allow":["GET"]}}],"collection":[{"href":"https:\/\/www.montek.cz\/index.php\/wp-json\/wp\/v2\/pages"}],"about":[{"href":"https:\/\/www.montek.cz\/index.php\/wp-json\/wp\/v2\/types\/page"}],"author":[{"embeddable":true,"href":"https:\/\/www.montek.cz\/index.php\/wp-json\/wp\/v2\/users\/1"}],"replies":[{"embeddable":true,"href":"https:\/\/www.montek.cz\/index.php\/wp-json\/wp\/v2\/comments?post=63"}],"version-history":[{"count":8,"href":"https:\/\/www.montek.cz\/index.php\/wp-json\/wp\/v2\/pages\/63\/revisions"}],"predecessor-version":[{"id":202,"href":"https:\/\/www.montek.cz\/index.php\/wp-json\/wp\/v2\/pages\/63\/revisions\/202"}],"wp:attachment":[{"href":"https:\/\/www.montek.cz\/index.php\/wp-json\/wp\/v2\/media?parent=63"}],"curies":[{"name":"wp","href":"https:\/\/api.w.org\/{rel}","templated":true}]}}