{"id":83,"date":"2019-10-20T11:19:13","date_gmt":"2019-10-20T09:19:13","guid":{"rendered":"https:\/\/new.montek.cz\/?page_id=83"},"modified":"2019-10-23T19:59:20","modified_gmt":"2019-10-23T17:59:20","slug":"kontakt","status":"publish","type":"page","link":"https:\/\/www.montek.cz\/","title":{"rendered":"Kontakt"},"content":{"rendered":"\r\n<p><strong>Montek Brno CZ, s.r.o.<img loading=\"lazy\" decoding=\"async\" class=\"wp-image-60 alignright\" src=\"https:\/\/new.montek.cz\/wp-content\/uploads\/2019\/10\/montek_logo-1.png\" alt=\"\" width=\"266\" height=\"68\" srcset=\"https:\/\/www.montek.cz\/wp-content\/uploads\/2019\/10\/montek_logo-1.png 934w, https:\/\/www.montek.cz\/wp-content\/uploads\/2019\/10\/montek_logo-1-300x77.png 300w, https:\/\/www.montek.cz\/wp-content\/uploads\/2019\/10\/montek_logo-1-768x197.png 768w\" sizes=\"auto, (max-width: 266px) 100vw, 266px\" \/><br><\/strong><\/p>\r\n\r\n\r\n\r\n<p>S\u00eddlo firmy: Lazaretn\u00ed 1\/7, 615 00 Brno<\/p>\r\n\r\n\r\n\r\n<p>Provozovna: Dru\u017estevn\u00ed 15, 664 49 Ostopovice<\/p>\r\n<p>Po\u0161tovn\u00ed adresa:&nbsp; Dru\u017estevn\u00ed 15, 664 49 Ostopovice&nbsp;<\/p>\r\n\r\n\r\n\r\n<p>Telefon: +420 731474826<\/p>\r\n<p>E-mail:&nbsp; montek@montek.cz&nbsp; &nbsp;<\/p>\r\n<p>I\u010c: 25343556&nbsp; DI\u010c: CZ25343556<\/p>\r\n<p>Spole\u010dnost je zaps\u00e1na u Krajsk\u00e9ho obchodn\u00edho soudu v Brn\u011b, odd\u00edl C, vlo\u017eka 27377<\/p>\r\n\r\n\r\n\r\n<div class=\"wp-block-image\">\r\n<figure class=\"aligncenter\"><img loading=\"lazy\" decoding=\"async\" width=\"1170\" height=\"429\" class=\"wp-image-7\" src=\"https:\/\/new.montek.cz\/wp-content\/uploads\/2019\/10\/csm_hoermann_Home_teaser_1400x513_1bfac4f950.jpg\" alt=\"\" srcset=\"https:\/\/www.montek.cz\/wp-content\/uploads\/2019\/10\/csm_hoermann_Home_teaser_1400x513_1bfac4f950.jpg 1170w, https:\/\/www.montek.cz\/wp-content\/uploads\/2019\/10\/csm_hoermann_Home_teaser_1400x513_1bfac4f950-300x110.jpg 300w, https:\/\/www.montek.cz\/wp-content\/uploads\/2019\/10\/csm_hoermann_Home_teaser_1400x513_1bfac4f950-768x282.jpg 768w, https:\/\/www.montek.cz\/wp-content\/uploads\/2019\/10\/csm_hoermann_Home_teaser_1400x513_1bfac4f950-1024x375.jpg 1024w\" sizes=\"auto, (max-width: 767px) 89vw, (max-width: 1000px) 54vw, (max-width: 1071px) 543px, 580px\" \/><\/figure>\r\n<\/div>\r\n\r\n\r\n\r\n<p>Chcete-li n\u00e1m odeslat zpr\u00e1vu, pou\u017eijte tento formul\u00e1\u0159.<\/p>\r\n\r\n\r\n\r\n\n<div class=\"wpcf7 no-js\" id=\"wpcf7-f153-o1\" lang=\"cs-CZ\" dir=\"ltr\" data-wpcf7-id=\"153\">\n<div class=\"screen-reader-response\"><p role=\"status\" aria-live=\"polite\" aria-atomic=\"true\"><\/p> <ul><\/ul><\/div>\n<form action=\"\/index.php\/wp-json\/wp\/v2\/pages\/83#wpcf7-f153-o1\" method=\"post\" class=\"wpcf7-form init\" aria-label=\"Kontaktn\u00ed formul\u00e1\u0159\" novalidate=\"novalidate\" data-status=\"init\">\n<fieldset class=\"hidden-fields-container\"><input type=\"hidden\" name=\"_wpcf7\" value=\"153\" \/><input type=\"hidden\" name=\"_wpcf7_version\" value=\"6.1.5\" \/><input type=\"hidden\" name=\"_wpcf7_locale\" value=\"cs_CZ\" \/><input type=\"hidden\" name=\"_wpcf7_unit_tag\" value=\"wpcf7-f153-o1\" \/><input type=\"hidden\" name=\"_wpcf7_container_post\" value=\"0\" \/><input type=\"hidden\" name=\"_wpcf7_posted_data_hash\" value=\"\" \/>\n<\/fieldset>\n<p><label> Va\u0161e jm\u00e9no (vy\u017eadov\u00e1no)<br \/>\n<span class=\"wpcf7-form-control-wrap\" data-name=\"your-name\"><input size=\"40\" maxlength=\"400\" class=\"wpcf7-form-control wpcf7-text wpcf7-validates-as-required\" aria-required=\"true\" aria-invalid=\"false\" value=\"\" type=\"text\" name=\"your-name\" \/><\/span> <\/label>\n<\/p>\n<p><label> V\u00e1\u0161 e-mail (vy\u017eadov\u00e1no)<br \/>\n<span class=\"wpcf7-form-control-wrap\" data-name=\"your-email\"><input size=\"40\" maxlength=\"400\" class=\"wpcf7-form-control wpcf7-email wpcf7-validates-as-required wpcf7-text wpcf7-validates-as-email\" aria-required=\"true\" aria-invalid=\"false\" value=\"\" type=\"email\" name=\"your-email\" \/><\/span> <\/label>\n<\/p>\n<p><label> Va\u0161e telefonn\u00ed \u010d\u00edslo (vy\u017eadov\u00e1no)<br \/>\n<span class=\"wpcf7-form-control-wrap\" data-name=\"tel-552\"><input size=\"40\" maxlength=\"400\" class=\"wpcf7-form-control wpcf7-tel wpcf7-validates-as-required wpcf7-text wpcf7-validates-as-tel\" aria-required=\"true\" aria-invalid=\"false\" value=\"\" type=\"tel\" name=\"tel-552\" \/><\/span> <\/label>\n<\/p>\n<p><label> P\u0159edm\u011bt<br \/>\n<span class=\"wpcf7-form-control-wrap\" data-name=\"your-subject\"><input size=\"40\" maxlength=\"400\" class=\"wpcf7-form-control wpcf7-text\" aria-invalid=\"false\" value=\"\" type=\"text\" name=\"your-subject\" \/><\/span> <\/label>\n<\/p>\n<p><label> Va\u0161e zpr\u00e1va<br \/>\n<span class=\"wpcf7-form-control-wrap\" data-name=\"your-message\"><textarea cols=\"40\" rows=\"10\" maxlength=\"2000\" class=\"wpcf7-form-control wpcf7-textarea\" aria-invalid=\"false\" name=\"your-message\"><\/textarea><\/span> <\/label>\n<\/p>\n<p><input class=\"wpcf7-form-control wpcf7-submit has-spinner\" type=\"submit\" value=\"Odeslat\" \/>\n<\/p><div class=\"wpcf7-response-output\" aria-hidden=\"true\"><\/div>\n<\/form>\n<\/div>\n\r\n\r\n\r\n\r\n<p>&nbsp;<\/p>\r\n<p>Tady n\u00e1s najdete. Pokud n\u00e1s zam\u00fd\u0161l\u00edte nav\u0161t\u00edvit, domluvte si pros\u00edm p\u0159edem telefonicky sch\u016fzku.&nbsp;<\/p>\r\n\r\n<p><iframe loading=\"lazy\" style=\"border: none;\" src=\"https:\/\/api.mapy.cz\/frame?params=%7B%22x%22%3A16.54266871860554%2C%22y%22%3A49.164629037382085%2C%22base%22%3A%221%22%2C%22layers%22%3A%5B%5D%2C%22zoom%22%3A15%2C%22url%22%3A%22https%3A%2F%2Fmapy.cz%2Fs%2Ffucurofavo%22%2C%22mark%22%3A%7B%22x%22%3A%2216.54404200962116%22%2C%22y%22%3A%2249.16434841838303%22%2C%22title%22%3A%22Dru%C5%BEstevn%C3%AD%2084%2F15%2C%20Ostopovice%22%7D%2C%22overview%22%3Atrue%7D&amp;width=500&amp;height=333&amp;lang=cs\" width=\"500\" height=\"333\" frameborder=\"0\"><\/iframe><\/p>","protected":false},"excerpt":{"rendered":"<p>Montek Brno CZ, s.r.o. S\u00eddlo firmy: Lazaretn\u00ed 1\/7, 615 00 Brno Provozovna: Dru\u017estevn\u00ed 15, 664 49 Ostopovice Po\u0161tovn\u00ed adresa:&nbsp; Dru\u017estevn\u00ed 15, 664 49 Ostopovice&nbsp; Telefon: +420 731474826 E-mail:&nbsp; montek@montek.cz&nbsp; &nbsp; I\u010c: 25343556&nbsp; DI\u010c: CZ25343556 Spole\u010dnost je zaps\u00e1na u Krajsk\u00e9ho obchodn\u00edho soudu v Brn\u011b, odd\u00edl C, vlo\u017eka 27377 Chcete-li n\u00e1m odeslat zpr\u00e1vu, pou\u017eijte tento formul\u00e1\u0159. &nbsp; &hellip; <\/p>\n<p class=\"link-more\"><a href=\"https:\/\/www.montek.cz\/\" class=\"more-link\">Pokra\u010dovat ve \u010dten\u00ed<span class=\"screen-reader-text\"> &#8222;Kontakt&#8220;<\/span><\/a><\/p>\n","protected":false},"author":1,"featured_media":0,"parent":0,"menu_order":0,"comment_status":"closed","ping_status":"closed","template":"","meta":{"_monsterinsights_skip_tracking":false,"_monsterinsights_sitenote_active":false,"_monsterinsights_sitenote_note":"","_monsterinsights_sitenote_category":0,"ngg_post_thumbnail":0,"footnotes":""},"class_list":["post-83","page","type-page","status-publish","hentry"],"_links":{"self":[{"href":"https:\/\/www.montek.cz\/index.php\/wp-json\/wp\/v2\/pages\/83","targetHints":{"allow":["GET"]}}],"collection":[{"href":"https:\/\/www.montek.cz\/index.php\/wp-json\/wp\/v2\/pages"}],"about":[{"href":"https:\/\/www.montek.cz\/index.php\/wp-json\/wp\/v2\/types\/page"}],"author":[{"embeddable":true,"href":"https:\/\/www.montek.cz\/index.php\/wp-json\/wp\/v2\/users\/1"}],"replies":[{"embeddable":true,"href":"https:\/\/www.montek.cz\/index.php\/wp-json\/wp\/v2\/comments?post=83"}],"version-history":[{"count":6,"href":"https:\/\/www.montek.cz\/index.php\/wp-json\/wp\/v2\/pages\/83\/revisions"}],"predecessor-version":[{"id":196,"href":"https:\/\/www.montek.cz\/index.php\/wp-json\/wp\/v2\/pages\/83\/revisions\/196"}],"wp:attachment":[{"href":"https:\/\/www.montek.cz\/index.php\/wp-json\/wp\/v2\/media?parent=83"}],"curies":[{"name":"wp","href":"https:\/\/api.w.org\/{rel}","templated":true}]}}